{"id":139,"date":"2019-04-23T11:46:03","date_gmt":"2019-04-23T11:46:03","guid":{"rendered":"http:\/\/okthemes.com\/sarasdemo\/?page_id=139"},"modified":"2026-01-24T14:31:15","modified_gmt":"2026-01-24T14:31:15","slug":"homepage","status":"publish","type":"page","link":"https:\/\/www.tenutafrontelago.it\/en\/","title":{"rendered":"Homepage"},"content":{"rendered":"<div class=\"wpb-content-wrapper\"><div data-vc-full-width=\"true\" data-vc-full-width-init=\"false\" class=\"vc_row wpb_row vc_row-fluid vc_custom_1764722106465 vc_row-has-fill\"><div class=\"wpb_column vc_column_container vc_col-sm-12\"><div class=\"vc_column-inner\"><div class=\"wpb_wrapper\"><div class=\"vc_row wpb_row vc_inner vc_row-fluid vc_custom_1556093058576 vc_row-o-equal-height vc_row-o-content-middle vc_row-flex\"><div class=\"wpb_column vc_column_container vc_col-sm-6\"><div class=\"vc_column-inner vc_custom_1764529879063\"><div class=\"wpb_wrapper\">\n\t<div  class=\"wpb_single_image wpb_content_element vc_align_left wpb_content_element vc_custom_1762352129819\">\n\t\t\n\t\t<figure class=\"wpb_wrapper vc_figure\">\n\t\t\t<div class=\"vc_single_image-wrapper   vc_box_border_grey\"><img loading=\"lazy\" decoding=\"async\" width=\"600\" height=\"715\" src=\"https:\/\/www.tenutafrontelago.it\/wp-content\/uploads\/2025\/11\/Acciaio.jpg\" class=\"vc_single_image-img attachment-full\" alt=\"\" title=\"Acciaio\" srcset=\"https:\/\/www.tenutafrontelago.it\/wp-content\/uploads\/2025\/11\/Acciaio.jpg 600w, https:\/\/www.tenutafrontelago.it\/wp-content\/uploads\/2025\/11\/Acciaio-252x300.jpg 252w\" sizes=\"auto, (max-width: 600px) 100vw, 600px\" \/><\/div>\n\t\t<\/figure>\n\t<\/div>\n<\/div><\/div><\/div><div class=\"wpb_column vc_column_container vc_col-sm-6 vc_col-has-fill\"><div class=\"vc_column-inner vc_custom_1556093129663\"><div class=\"wpb_wrapper\">\n\t<div class=\"title-subtitle-box\" style=\" text-align: left;\">\n\t\t<h1 style=\" font-style: normal;\" class=\"special-title\" >\n\t\t<span style=\" color:#8CA4AC; \">Our winemaking philosophy<\/span>L\u2019eleganza nasce dalla purezza<\/h1>\n\t\t<span class=\"gg-horizontal-line\" style=\"background: #8CA4AC\" ><\/span>\n\t\t<div class=\"box-description\"><p data-start=\"484\" data-end=\"873\">In Tenuta Frontelago l\u2019innovazione incontra la tradizione.<br data-start=\"544\" data-end=\"547\" \/>Vinifichiamo esclusivamente in acciaio per esaltare la freschezza e l\u2019identit\u00e0 del vitigno Turbiana, cuore dei nostri vini.<br data-start=\"670\" data-end=\"673\" \/>Ogni scelta, dai lieviti selezionati alla temperatura di fermentazione, \u00e8 guidata dal rispetto per il territorio e dalla volont\u00e0 di esprimere la purezza del Lugana in tutta la sua eleganza minerale.<\/p>\n<\/div><div class=\"gg-special-button-wrapper  special-button-align-left special-button-style-btn-primary\"><a class=\"btn btn-primary\" href=\"https:\/\/www.tenutafrontelago.it\/en\/chi-siamo\/\" title=\"Scopri di pi\u00f9\" target=\"_self\">Scopri di pi\u00f9<\/a><\/div>\n\t<\/div> <\/div><\/div><\/div><\/div>\n\t<div class=\"title-subtitle-box  vc_custom_1759870719480\" style=\" text-align: center;\">\n\t\t<h5 style=\" color:#ffffff;  font-style: normal;\" class=\"special-title\" >Research, elegance and respect for the environment<\/h5>\n\t<\/div> <\/div><\/div><\/div><\/div><div class=\"vc_row-full-width vc_clearfix\"><\/div><div class=\"vc_row wpb_row vc_row-fluid\"><div class=\"wpb_column vc_column_container vc_col-sm-12\"><div class=\"vc_column-inner\"><div class=\"wpb_wrapper\">\n\t<div class=\"wpb_raw_code wpb_raw_html wpb_content_element\" >\n\t\t<div class=\"wpb_wrapper\">\n\t\t\t<iframe loading=\"lazy\" src=\"https:\/\/www.winedering.com\/it\/embed\/e94e8234-8658-4cc9-b713-43f065944160?key=t4Vsa528tjR3852l6opZu-86e2a5801f80f876f7b79a8bd7d8bcdd\" width=\"100%\" height=\"300px\" title=\"Winedering.com Review Widgets\" frameborder=\"0\" scrolling=\"no\"><\/iframe>\n\t\t<\/div>\n\t<\/div>\n<\/div><\/div><\/div><\/div><div data-vc-full-width=\"true\" data-vc-full-width-init=\"false\" class=\"vc_row wpb_row vc_row-fluid vc_custom_1559052646917\"><div class=\"wpb_column vc_column_container vc_col-sm-12\"><div class=\"vc_column-inner\"><div class=\"wpb_wrapper\"><div class=\"vc_row wpb_row vc_inner vc_row-fluid\"><div class=\"wpb_column vc_column_container vc_col-sm-3\"><div class=\"vc_column-inner\"><div class=\"wpb_wrapper\"><\/div><\/div><\/div><div class=\"wpb_column vc_column_container vc_col-sm-6\"><div class=\"vc_column-inner\"><div class=\"wpb_wrapper\">\n\t<div class=\"title-subtitle-box  vc_custom_1764724208252\" style=\" text-align: center;\">\n\t\t<h1 style=\" font-style: normal;\" class=\"special-title\" >\n\t\t<span style=\" color:#8CA4AC; \">SHOP HIGHLIGHTS<\/span>The Frontelago Collection<\/h1>\n\t\t<span class=\"gg-horizontal-line\" style=\"background: #8CA4AC\" ><\/span>\n\t\t<div class=\"box-description\"><p>Wine, packages, and tastings: a taste of our e-commerce.<\/p>\n<\/div>\n\t<\/div> <\/div><\/div><\/div><div class=\"wpb_column vc_column_container vc_col-sm-3\"><div class=\"vc_column-inner\"><div class=\"wpb_wrapper\"><\/div><\/div><\/div><\/div>\n\t<div class=\"product-presentation\">\n\t\t<div class=\"swiper-container product-presentation-container\" data-uid=\"swiper-2127400751\"  >\n\t\t\t<div class=\"swiper-wrapper\"><div class=\"swiper-slide swiper-no-swiping\" data-title=\"2024 Lugana Bianco Fermo\"\"><div class=\"presentation-box product-pres-img\"> <img decoding=\"async\" class=\"wp-post-image\" src=\"https:\/\/www.tenutafrontelago.it\/wp-content\/uploads\/2025\/11\/FronteLago-2.jpg\" alt=\"\" \/> <\/div><div class=\"presentation-box product-pres-data\"><h4><span class=\"year\">2024<\/span>Still White Wine Lugana 2024<\/h4><ul class=\"product-pres-data-list\"><li><span>Tasting Notes<\/span>Vino dal profilo fresco e minerale, con profumi di fiori bianchi, agrumi e mandorla. Al palato \u00e8 armonioso e avvolgente, sostenuto da una piacevole sapidit\u00e0 che richiama la vicinanza del Lago di Garda.<\/li><li><span>Aging<\/span>Affinato per circa 4 mesi in acciaio inox, costantemente a contatto con le fecce fini. Questo processo esalta la complessit\u00e0 aromatica e preserva la purezza del vitigno Turbiana.<\/li><li><span>Food Pairing<\/span>Perfect with lake fish, shellfish, delicate risottos and fresh cheeses. Also excellent as an aperitif or paired with seasonal vegetable dishes.<\/li><\/ul><div class=\"gg-special-button-wrapper  special-button-align-left special-button-style-btn-primary\"><a class=\"btn btn-primary\" href=\"https:\/\/www.tenutafrontelago.it\/en\/product\/lugana-frontelago-2024\/\" title=\"Shop now\" target=\"_self\">Shop now<\/a><\/div><\/div><\/div><div class=\"swiper-slide swiper-no-swiping\" data-title=\"2024 Box con accessori\"\"><div class=\"presentation-box product-pres-img\"> <img decoding=\"async\" class=\"wp-post-image\" src=\"https:\/\/www.tenutafrontelago.it\/wp-content\/uploads\/2025\/11\/BoxFrontelago.png\" alt=\"\" \/> <\/div><div class=\"presentation-box product-pres-data\"><h4><span class=\"year\">2024<\/span>Accessories Box<\/h4><ul class=\"product-pres-data-list\"><li><span>A complet set<\/span>Una selezione pensata per chi vive il vino come un rituale. La cassa in legno racchiude il Lugana Frontelago e strumenti da sommelier che rendono ogni apertura pi\u00f9 precisa, curata e piacevole.<\/li><li><span>Serving accessories<\/span>The wooden box includes stainless steel and wood tools: corkscrew, pourer, airtight stopper and drip ring, carefully selected to ensure impeccable and long-lasting service, perfect for intimate tastings or special occasions. <\/li><li><span>An elegant gift choice<\/span>Un\u2019idea regalo pensata per appassionati e per chi apprezza i dettagli. La combinazione tra bottiglia, accessori e presentazione in legno crea un\u2019esperienza completa, elegante e pronta da condividere, ora hai anche la possibilit\u00e0 di personalizzarlo come vuoi con incisione al laser<\/li><\/ul><div class=\"gg-special-button-wrapper  special-button-align-left special-button-style-btn-primary\"><a class=\"btn btn-primary\" href=\"https:\/\/www.tenutafrontelago.it\/en\/product\/box-lugana-doc-tenuta-frontelago-2024-accessori\/\" title=\"Shop now\" target=\"_self\">Shop now<\/a><\/div><\/div><\/div><div class=\"swiper-slide swiper-no-swiping\" data-title=\"SOLO IN CANTINA! Box con formaggio e chutney\"\"><div class=\"presentation-box product-pres-img\"> <img decoding=\"async\" class=\"wp-post-image\" src=\"https:\/\/www.tenutafrontelago.it\/wp-content\/uploads\/2025\/11\/BoxNataleFormaggio.png\" alt=\"\" \/> <\/div><div class=\"presentation-box product-pres-data\"><h4><span class=\"year\">WINERY EXCLUSIVE<\/span>Cheese &amp; Chutney Box<\/h4><ul class=\"product-pres-data-list\"><li><span>Flavours of the territory<\/span>Una proposta festiva che unisce il Lugana Frontelago a un formaggio stagionato della zona e a una chutney di mele, cipolle, miele e mandorle delicato. Una combinazione che esprime equilibrio tra freschezza, dolcezza e sapidit\u00e0, perfetta per celebrare le feste.<\/li><li><span>Harmony in pairing<\/span>The apple, onion, honey and almond chutney enhances the wine\u2019s softness, while the aged hard cheese adds structure and character.\nA simple yet refined journey, ideal for aperitivo gatherings or convivial holiday occasions.<\/li><li><span>A gift that tells a story<\/span>Presentato in un cofanetto decorativo con finestra trasparente, \u00e8 un pensiero raffinato e immediato. Perfetto per cesti aziendali, occasioni speciali o per portare in tavola un assaggio autentico del Garda durante le festivit\u00e0.<\/li><\/ul><div class=\"gg-special-button-wrapper  special-button-align-left special-button-style-btn-primary\"><a class=\"btn btn-primary\" href=\"https:\/\/www.tenutafrontelago.it\/en\/contatti\/\" title=\"Request it now\" target=\"_self\">Request it now<\/a><\/div><\/div><\/div>\n\t\t\t<\/div>\n\t\t<\/div><div class=\"presentation-pagination-container swiper-pagination-container\"><\/div>\n\t\t<div class=\"presentation-button-container swiper-nav-container\">\n\t\t<div id=\"btn-next-swiper-2127400751\" class=\"swiper-nav-next\"><svg id=\"swiper-arrow-right\" viewbox=\"0 0 50 12\" width=\"100%\" height=\"100%\"><path fill-rule=\"evenodd\" d=\"M48.078 6.096H.008v.966h48.07l-4.254 4.255.683.683 5.541-5.538L44.507.924l-.683.683z\"><\/path><\/svg><\/div>\n\t\t<div id=\"btn-prev-swiper-2127400751\" class=\"swiper-nav-prev\"><svg id=\"swiper-arrow-left\" viewbox=\"0 0 50 12\" width=\"100%\" height=\"100%\"><path fill-rule=\"evenodd\" d=\"M1.922 5.904h48.07v-.966H1.922L6.176.683 5.493 0-.048 5.538l5.541 5.538.683-.683z\"><\/path><\/svg><\/div>\n\t\t<\/div>\n\t<\/div><\/div><\/div><\/div><\/div><div class=\"vc_row-full-width vc_clearfix\"><\/div><div data-vc-full-width=\"true\" data-vc-full-width-init=\"false\" class=\"vc_row wpb_row vc_row-fluid no-overflow vc_custom_1762352298146 vc_row-has-fill\"><div class=\"wpb_column vc_column_container vc_col-sm-12\"><div class=\"vc_column-inner\"><div class=\"wpb_wrapper\"><div class=\"vc_row wpb_row vc_inner vc_row-fluid vc_row-o-content-top vc_row-flex\"><div class=\"wpb_column vc_column_container vc_col-sm-6 vc_col-has-fill\"><div class=\"vc_column-inner vc_custom_1556101439033\"><div class=\"wpb_wrapper\">\n\t<div class=\"title-subtitle-box\" style=\" text-align: left;\">\n\t\t<h1 style=\" font-style: normal;\" class=\"special-title\" >\n\t\t<span style=\" color:#8CA4AC; \">DOC LUGANA<\/span>Our excellence<\/h1>\n\t\t<span class=\"gg-horizontal-line\" style=\"background: #8CA4AC\" ><\/span>\n\t\t<div class=\"box-description\"><p>Nel cuore del Lugana, a Sirmione, la nostra cantina nasce dal desiderio di raccontare il territorio attraverso la purezza dell\u2019uva Turbiana.<br data-start=\"427\" data-end=\"430\" \/>Qui i vigneti crescono su terreni argillosi tipici del Garda, che donano freschezza e identit\u00e0 al vino. Vinifichiamo esclusivamente in acciaio per esaltare l\u2019espressione naturale dell\u2019uva, rispettando la natura e valorizzando la mineralit\u00e0 del territorio.<\/p>\n<\/div><div class=\"gg-special-button-wrapper  special-button-align-left special-button-style-btn-primary\"><a class=\"btn btn-primary\" href=\"https:\/\/www.tenutafrontelago.it\/en\/degustazioni\/\" title=\"Degustazione\" target=\"_self\">Degustazione<\/a><\/div>\n\t<\/div> <\/div><\/div><\/div><div class=\"wpb_column vc_column_container vc_col-sm-6 vc_col-has-fill\"><div class=\"vc_column-inner vc_custom_1762429557576\"><div class=\"wpb_wrapper\">\n\t<div class=\"title-subtitle-box  vc_custom_1764724243370\" style=\" text-align: left;\">\n\t\t<h1 style=\" color:#ffffff;  font-style: normal;\" class=\"special-title\" >\n\t\t<span style=\" color:#8CA4AC; \">Key Characteristics<\/span>Lugana Frontelago<\/h1>\n\t<\/div> <div  class=\"vc_do_toggle vc_toggle vc_toggle_arrow vc_toggle_color_default  vc_toggle_size_md vc_toggle_active\"><div class=\"vc_toggle_title\"><h4>Identit\u00e0<\/h4><i class=\"vc_toggle_icon\"><\/i><\/div><div class=\"vc_toggle_content\"><p>La Turbiana, vitigno autoctono della Lugana, \u00e8 il cuore dei nostri vini.<br data-start=\"871\" data-end=\"874\" \/>Dai suoli argillosi nasce un bianco elegante e minerale, che unisce freschezza, complessit\u00e0 e longevit\u00e0.<\/p>\n<\/div><\/div><div  class=\"vc_do_toggle vc_toggle vc_toggle_arrow vc_toggle_color_default  vc_toggle_size_md\"><div class=\"vc_toggle_title\"><h4>Production philosophy<\/h4><i class=\"vc_toggle_icon\"><\/i><\/div><div class=\"vc_toggle_content\"><p data-start=\"1522\" data-end=\"1789\">Vinifichiamo esclusivamente in acciaio per mantenere intatta l\u2019espressione dell\u2019uva e la mineralit\u00e0 del suolo.<br data-start=\"1150\" data-end=\"1153\" \/>Ogni scelta, dalla fermentazione alla selezione dei lieviti, \u00e8 guidata dal rispetto per la materia prima e dal desiderio di autenticit\u00e0.<\/p>\n<\/div><\/div><div  class=\"vc_do_toggle vc_toggle vc_toggle_arrow vc_toggle_color_default  vc_toggle_size_md\"><div class=\"vc_toggle_title\"><h4>Style &amp; Character<\/h4><i class=\"vc_toggle_icon\"><\/i><\/div><div class=\"vc_toggle_content\"><p>Il Lugana Frontelago si distingue per equilibrio e finezza aromatica. Un vino che riflette l\u2019incontro tra terra, lago e aria: un\u2019espressione autentica del Garda e dei suoi suoli argillosi.<\/p>\n<\/div><\/div><\/div><\/div><\/div><\/div><\/div><\/div><\/div><\/div><div class=\"vc_row-full-width vc_clearfix\"><\/div><div data-vc-full-width=\"true\" data-vc-full-width-init=\"false\" class=\"vc_row wpb_row vc_row-fluid vc_custom_1762429566632 vc_row-has-fill\"><div class=\"wpb_column vc_column_container vc_col-sm-12\"><div class=\"vc_column-inner\"><div class=\"wpb_wrapper\"><div class=\"vc_row wpb_row vc_inner vc_row-fluid vc_row-o-equal-height vc_row-o-content-middle vc_row-flex\"><div class=\"wpb_column vc_column_container vc_col-sm-6\"><div class=\"vc_column-inner vc_custom_1764529863774\"><div class=\"wpb_wrapper\">\n\t<div  class=\"wpb_single_image wpb_content_element vc_align_left wpb_content_element vc_custom_1764529656735\">\n\t\t\n\t\t<figure class=\"wpb_wrapper vc_figure\">\n\t\t\t<div class=\"vc_single_image-wrapper   vc_box_border_grey\"><img loading=\"lazy\" decoding=\"async\" width=\"600\" height=\"715\" src=\"https:\/\/www.tenutafrontelago.it\/wp-content\/uploads\/2025\/10\/LaNostraFamiglia_ChiSiamo.png\" class=\"vc_single_image-img attachment-full\" alt=\"\" title=\"LaNostraFamiglia_ChiSiamo\" srcset=\"https:\/\/www.tenutafrontelago.it\/wp-content\/uploads\/2025\/10\/LaNostraFamiglia_ChiSiamo.png 600w, https:\/\/www.tenutafrontelago.it\/wp-content\/uploads\/2025\/10\/LaNostraFamiglia_ChiSiamo-252x300.png 252w\" sizes=\"auto, (max-width: 600px) 100vw, 600px\" \/><\/div>\n\t\t<\/figure>\n\t<\/div>\n<\/div><\/div><\/div><div class=\"wpb_column vc_column_container vc_col-sm-6 vc_col-has-fill\"><div class=\"vc_column-inner vc_custom_1556104716721\"><div class=\"wpb_wrapper\">\n\t<div class=\"title-subtitle-box\" style=\" text-align: left;\">\n\t\t<h1 style=\" font-style: normal;\" class=\"special-title\" >\n\t\t<span style=\" color:#8CA4AC8A; \">dal cero family<\/span>The family behind the wine<\/h1>\n\t\t<span class=\"gg-horizontal-line\" style=\"background: #8CA4AC\" ><\/span>\n\t\t<div class=\"box-description\"><p>Da oltre trent\u2019anni la famiglia Dal Cero coltiva la propria terra a Lugana, nella campagna di Sirmione. Un legame profondo con il territorio che nel 2022 ha trovato nuova forma con la nascita di Tenuta Frontelago, un progetto di famiglia che unisce esperienza agricola e visione contemporanea. Oggi la nuova generazione porta avanti la stessa filosofia di purezza, rispetto e innovazione che da sempre guida il lavoro in vigna e in cantina.<\/p>\n<\/div><div class=\"gg-special-button-wrapper  special-button-align-left special-button-style-btn-primary\"><a class=\"btn btn-primary\" href=\"https:\/\/www.tenutafrontelago.it\/en\/chi-siamo\/\" title=\"discover or wine\" target=\"_self\">discover or wine<\/a><\/div>\n\t<\/div> <\/div><\/div><\/div><\/div>\n\t<blockquote style=\"color: #ffffff;\" class=\"gg-vc-quote font_size_normal vc_custom_1760893581006\">\n\tEach bottle tells the story of our land, and of those who cultivate it.\n\t<cite>dal cero family<\/cite>\n\t<\/blockquote><\/div><\/div><\/div><\/div><div class=\"vc_row-full-width vc_clearfix\"><\/div><div data-vc-full-width=\"true\" data-vc-full-width-init=\"false\" data-vc-stretch-content=\"true\" class=\"vc_row wpb_row vc_row-fluid half-height-black-background vc_custom_1556113293228 vc_row-no-padding\"><div class=\"wpb_column vc_column_container vc_col-sm-12\"><div class=\"vc_column-inner\"><div class=\"wpb_wrapper\"><div class=\"vc_row wpb_row vc_inner vc_row-fluid vc_custom_1762352379133 vc_row-has-fill\"><div class=\"wpb_column vc_column_container vc_col-sm-3\"><div class=\"vc_column-inner\"><div class=\"wpb_wrapper\">\n\t<div class=\"title-subtitle-box\" style=\" text-align: left;\">\n\t<\/div> <\/div><\/div><\/div><div class=\"wpb_column vc_column_container vc_col-sm-6 vc_col-has-fill\"><div class=\"vc_column-inner vc_custom_1556114930266\"><div class=\"wpb_wrapper\">\n\t<div class=\"title-subtitle-box\" style=\" text-align: center;\">\n\t\t<h1 style=\" font-style: normal;\" class=\"special-title\" >\n\t\t<span style=\" color:#8CA4AC; \">VINEYARD TASTING<\/span>Come visit us<\/h1>\n\t\t<span class=\"gg-horizontal-line\" style=\"background: #8CA4AC\" ><\/span>\n\t\t<div class=\"box-description\"><p style=\"text-align: center;\">Discover our winery, walk through the vineyards and taste Lugana right where it is born.<\/p>\n<\/div><div class=\"gg-special-button-wrapper  special-button-align-left special-button-style-btn-primary\"><a class=\"btn btn-primary\" href=\"https:\/\/www.tenutafrontelago.it\/en\/degustazioni\/\" title=\"Book a tasting experience\" target=\"_self\">Book a tasting experience<\/a><\/div>\n\t<\/div> \n\t<div class=\"wpb_text_column wpb_content_element vc_custom_1764518111633\" >\n\t\t<div class=\"wpb_wrapper\">\n\t\t\t<p style=\"text-align: center;\"><em><span style=\"color: #999999;\">Mon\u2013Sat 9:00 AM\u201312:30 PM, 2:30 PM\u20136:30 PM<\/span><\/em><\/p>\n\n\t\t<\/div>\n\t<\/div>\n<\/div><\/div><\/div><div class=\"wpb_column vc_column_container vc_col-sm-3\"><div class=\"vc_column-inner\"><div class=\"wpb_wrapper\"><\/div><\/div><\/div><\/div><\/div><\/div><\/div><\/div><div class=\"vc_row-full-width vc_clearfix\"><\/div>\n<\/div>","protected":false},"excerpt":{"rendered":"Filosofia di vinificazioneL\u2019eleganza nasce dalla purezza In Tenuta Frontelago l\u2019innovazione incontra la tradizione.Vinifichiamo esclusivamente in acciaio per esaltare la freschezza e l\u2019identit\u00e0 del vitigno Turbiana, cuore dei nostri vini.Ogni scelta, dai lieviti selezionati alla temperatura di fermentazione, \u00e8 guidata dal rispetto per il territorio e dalla volont\u00e0 di esprimere la purezza del Lugana in tutta<p class=\"more-link-wrapper\"><a class=\"btn btn-primary\" href=\"https:\/\/www.tenutafrontelago.it\/en\/\">Read More<\/a><\/p>","protected":false},"author":1,"featured_media":3892,"parent":0,"menu_order":0,"comment_status":"closed","ping_status":"closed","template":"","meta":{"_acf_changed":false,"footnotes":""},"class_list":["post-139","page","type-page","status-publish","has-post-thumbnail","hentry","has_thumb"],"acf":[],"_links":{"self":[{"href":"https:\/\/www.tenutafrontelago.it\/en\/wp-json\/wp\/v2\/pages\/139","targetHints":{"allow":["GET"]}}],"collection":[{"href":"https:\/\/www.tenutafrontelago.it\/en\/wp-json\/wp\/v2\/pages"}],"about":[{"href":"https:\/\/www.tenutafrontelago.it\/en\/wp-json\/wp\/v2\/types\/page"}],"author":[{"embeddable":true,"href":"https:\/\/www.tenutafrontelago.it\/en\/wp-json\/wp\/v2\/users\/1"}],"replies":[{"embeddable":true,"href":"https:\/\/www.tenutafrontelago.it\/en\/wp-json\/wp\/v2\/comments?post=139"}],"version-history":[{"count":49,"href":"https:\/\/www.tenutafrontelago.it\/en\/wp-json\/wp\/v2\/pages\/139\/revisions"}],"predecessor-version":[{"id":4189,"href":"https:\/\/www.tenutafrontelago.it\/en\/wp-json\/wp\/v2\/pages\/139\/revisions\/4189"}],"wp:featuredmedia":[{"embeddable":true,"href":"https:\/\/www.tenutafrontelago.it\/en\/wp-json\/wp\/v2\/media\/3892"}],"wp:attachment":[{"href":"https:\/\/www.tenutafrontelago.it\/en\/wp-json\/wp\/v2\/media?parent=139"}],"curies":[{"name":"wp","href":"https:\/\/api.w.org\/{rel}","templated":true}]}}