{"id":122,"date":"2019-04-22T13:30:41","date_gmt":"2019-04-22T13:30:41","guid":{"rendered":"http:\/\/okthemes.com\/sarasdemo\/?page_id=122"},"modified":"2026-04-14T10:41:50","modified_gmt":"2026-04-14T10:41:50","slug":"chi-siamo","status":"publish","type":"page","link":"https:\/\/www.tenutafrontelago.it\/en\/chi-siamo\/","title":{"rendered":"About us"},"content":{"rendered":"<div class=\"wpb-content-wrapper\"><div class=\"vc_row wpb_row vc_row-fluid vc_custom_1556998391835 vc_row-o-equal-height vc_row-flex\"><div class=\"wpb_column vc_column_container vc_col-sm-6\"><div class=\"vc_column-inner vc_custom_1556998344355\"><div class=\"wpb_wrapper\">\n\t<div  class=\"wpb_single_image wpb_content_element vc_align_left wpb_content_element vc_custom_1766845286604  vs-div\">\n\t\t\n\t\t<figure class=\"wpb_wrapper vc_figure\">\n\t\t\t<div class=\"vc_single_image-wrapper   vc_box_border_grey\"><img loading=\"lazy\" decoding=\"async\" width=\"600\" height=\"770\" src=\"https:\/\/www.tenutafrontelago.it\/wp-content\/uploads\/2025\/11\/FotoFamiglia.jpg\" class=\"vc_single_image-img attachment-full\" alt=\"\" title=\"FotoFamiglia\" srcset=\"https:\/\/www.tenutafrontelago.it\/wp-content\/uploads\/2025\/11\/FotoFamiglia.jpg 600w, https:\/\/www.tenutafrontelago.it\/wp-content\/uploads\/2025\/11\/FotoFamiglia-234x300.jpg 234w\" sizes=\"auto, (max-width: 600px) 100vw, 600px\" \/><\/div>\n\t\t<\/figure>\n\t<\/div>\n<\/div><\/div><\/div><div class=\"wpb_column vc_column_container vc_col-sm-6 vc_col-has-fill\"><div class=\"vc_column-inner vc_custom_1556998400528\"><div class=\"wpb_wrapper\">\n\t<div class=\"title-subtitle-box\" style=\" text-align: left;\">\n\t\t<h1 style=\" font-style: normal;\" class=\"special-title\" >\n\t\t<span style=\" color:#8CA4AC; \">dal cero family<\/span>We cultivate our land in the heart of Lugana<\/h1>\n\t\t<span class=\"gg-horizontal-line\" style=\"background: #8CA4AC\" ><\/span>\n\t\t<div class=\"box-description\"><p>Da oltre trent\u2019anni la famiglia Dal Cero coltiva la propria terra a Lugana, nella campagna di Sirmione.<br data-start=\"1088\" data-end=\"1091\" \/>A deep connection to the territory that, in 2022, took on a new form with the founding of <strong data-start=\"1184\" data-end=\"1205\">Tenuta Frontelago<\/strong>a family project that brings together agricultural experience and a contemporary vision.<br data-start=\"1286\" data-end=\"1289\" \/>Today, the new generation carries forward the same philosophy of purity, respect and innovation that has always guided the work in the vineyards and in the winery.<\/p>\n<\/div><div class=\"gg-special-button-wrapper  special-button-align-left special-button-style-btn-primary\"><a class=\"btn btn-primary\" href=\"https:\/\/www.tenutafrontelago.it\/en\/degustazioni\/\" title=\"discover our lugana\" target=\"_self\">discover our lugana<\/a><\/div>\n\t<\/div> <\/div><\/div><\/div><\/div><div data-vc-full-width=\"true\" data-vc-full-width-init=\"false\" class=\"vc_row wpb_row vc_row-fluid vc_custom_1762386875844 vc_row-has-fill\"><div class=\"wpb_column vc_column_container vc_col-sm-12\"><div class=\"vc_column-inner\"><div class=\"wpb_wrapper\"><div class=\"vc_row wpb_row vc_inner vc_row-fluid vc_row-o-equal-height vc_row-o-content-middle vc_row-flex\"><div class=\"wpb_column vc_column_container vc_col-sm-6\"><div class=\"vc_column-inner vc_custom_1556999135338\"><div class=\"wpb_wrapper\">\n\t<div  class=\"wpb_single_image wpb_content_element vc_align_left wpb_content_element vc_custom_1764518384616\">\n\t\t\n\t\t<figure class=\"wpb_wrapper vc_figure\">\n\t\t\t<div class=\"vc_single_image-wrapper   vc_box_border_grey\"><img loading=\"lazy\" decoding=\"async\" width=\"600\" height=\"970\" src=\"https:\/\/www.tenutafrontelago.it\/wp-content\/uploads\/2025\/11\/casseUva.jpg\" class=\"vc_single_image-img attachment-full\" alt=\"\" title=\"casseUva\" srcset=\"https:\/\/www.tenutafrontelago.it\/wp-content\/uploads\/2025\/11\/casseUva.jpg 600w, https:\/\/www.tenutafrontelago.it\/wp-content\/uploads\/2025\/11\/casseUva-186x300.jpg 186w\" sizes=\"auto, (max-width: 600px) 100vw, 600px\" \/><\/div>\n\t\t<\/figure>\n\t<\/div>\n<\/div><\/div><\/div><div class=\"wpb_column vc_column_container vc_col-sm-6 vc_col-has-fill\"><div class=\"vc_column-inner vc_custom_1557079495492\"><div class=\"wpb_wrapper\">\n\t<div class=\"title-subtitle-box  vc_custom_1762381985303\" style=\" text-align: left;\">\n\t\t<h3 style=\" font-style: normal;\" class=\"special-title\" >\n\t\t<span style=\" color:#8CA4AC; \">01<\/span>Our Vision<\/h3>\n\t\t<div class=\"box-description\"><p>Per noi il vino \u00e8 un racconto di equilibrio. Ogni annata nasce dall\u2019ascolto della natura e dal rispetto dei suoi ritmi, senza forzature. Un approccio pulito, sincero, dove il territorio si esprime con trasparenza e personalit\u00e0.<\/p>\n<\/div>\n\t<\/div> \n\t<div class=\"title-subtitle-box  vc_custom_1762382053000\" style=\" text-align: left;\">\n\t\t<h3 style=\" font-style: normal;\" class=\"special-title\" >\n\t\t<span style=\" color:#8CA4AC; \">02<\/span>Craft &amp; Technique<\/h3>\n\t\t<div class=\"box-description\"><p>Ogni fase, dalla raccolta alla fermentazione, \u00e8 seguita con attenzione per preservare la vitalit\u00e0 dell\u2019uva e trasformarla in eleganza. Le tecnologie moderne ci permettono di mantenere costanza e purezza, senza mai snaturare l\u2019identit\u00e0 che rende unico il Lugana.<\/p>\n<\/div>\n\t<\/div> \n\t<div class=\"title-subtitle-box\" style=\" text-align: left;\">\n\t\t<h3 style=\" font-style: normal;\" class=\"special-title\" >\n\t\t<span style=\" color:#8CA4AC; \">03<\/span>Green Practices<\/h3>\n\t\t<div class=\"box-description\"><p>We adhere to <strong data-start=\"1202\" data-end=\"1276\">programma SQNPI, il Sistema di Qualit\u00e0 Nazionale di Produzione Integrata. Un impegno concreto verso una viticoltura sostenibile che tutela la biodiversit\u00e0 e riduce l\u2019impatto ambientale.<\/strong><\/p>\n<\/div>\n\t<\/div> <\/div><\/div><\/div><\/div><\/div><\/div><\/div><\/div><div class=\"vc_row-full-width vc_clearfix\"><\/div><div class=\"vc_row wpb_row vc_row-fluid vc_custom_1556998391835 vc_row-o-equal-height vc_row-flex\"><div class=\"wpb_column vc_column_container vc_col-sm-6\"><div class=\"vc_column-inner vc_custom_1556998344355\"><div class=\"wpb_wrapper\">\n\t<div  class=\"wpb_single_image wpb_content_element vc_align_left wpb_content_element vc_custom_1766845309373  vs-div\">\n\t\t\n\t\t<figure class=\"wpb_wrapper vc_figure\">\n\t\t\t<div class=\"vc_single_image-wrapper   vc_box_border_grey\"><img loading=\"lazy\" decoding=\"async\" width=\"1500\" height=\"2000\" src=\"https:\/\/www.tenutafrontelago.it\/wp-content\/uploads\/2025\/12\/terraArgilla.jpg\" class=\"vc_single_image-img attachment-full\" alt=\"\" title=\"terraArgilla\" srcset=\"https:\/\/www.tenutafrontelago.it\/wp-content\/uploads\/2025\/12\/terraArgilla.jpg 1500w, https:\/\/www.tenutafrontelago.it\/wp-content\/uploads\/2025\/12\/terraArgilla-225x300.jpg 225w, https:\/\/www.tenutafrontelago.it\/wp-content\/uploads\/2025\/12\/terraArgilla-768x1024.jpg 768w, https:\/\/www.tenutafrontelago.it\/wp-content\/uploads\/2025\/12\/terraArgilla-1152x1536.jpg 1152w\" sizes=\"auto, (max-width: 1500px) 100vw, 1500px\" \/><\/div>\n\t\t<\/figure>\n\t<\/div>\n<\/div><\/div><\/div><div class=\"wpb_column vc_column_container vc_col-sm-6 vc_col-has-fill\"><div class=\"vc_column-inner vc_custom_1556998400528\"><div class=\"wpb_wrapper\">\n\t<div class=\"title-subtitle-box\" style=\" text-align: left;\">\n\t\t<h1 style=\" font-style: normal;\" class=\"special-title\" >\n\t\t<span style=\" color:#8CA4AC; \">Our Land<\/span>Un terreno argilloso che d\u00e0 identit\u00e0 al vino<\/h1>\n\t\t<span class=\"gg-horizontal-line\" style=\"background: #8CA4AC\" ><\/span>\n\t\t<div class=\"box-description\"><p>I suoli argillosi di Lugana sono fondamentali per definire lo stile del nostro vino. L\u2019argilla trattiene umidit\u00e0 e nutrienti, garantendo maturazioni lente e regolari anche nelle annate pi\u00f9 calde.<br data-start=\"1601\" data-end=\"1604\" \/>Il risultato sono uve equilibrate, ricche di struttura e freschezza, con una marcata nota minerale. \u00c8 questo terroir a dare al Lugana la sua precisione, la sua longevit\u00e0 e la sua riconoscibilit\u00e0.<\/p>\n<\/div><div class=\"gg-special-button-wrapper  special-button-align-left special-button-style-btn-primary\"><a class=\"btn btn-primary\" href=\"https:\/\/www.tenutafrontelago.it\/en\/degustazioni\/\" title=\"Shop now\" target=\"_self\">Shop now<\/a><\/div>\n\t<\/div> <\/div><\/div><\/div><\/div><div class=\"vc_row wpb_row vc_row-fluid\"><div class=\"wpb_column vc_column_container vc_col-sm-12\"><div class=\"vc_column-inner\"><div class=\"wpb_wrapper\">\n\t<div class=\"wpb_raw_code wpb_raw_html wpb_content_element\" >\n\t\t<div class=\"wpb_wrapper\">\n\t\t\t<div id=\"tf-instagram-consent-placeholder\">Accetta i cookie per visualizzare il feed Instagram.<\/div>\n\t\t<\/div>\n\t<\/div>\n<\/div><\/div><\/div><\/div><div data-vc-full-width=\"true\" data-vc-full-width-init=\"false\" data-vc-stretch-content=\"true\" class=\"vc_row wpb_row vc_row-fluid vc_custom_1762387997044 vc_row-has-fill\"><div class=\"wpb_column vc_column_container vc_col-sm-12\"><div class=\"vc_column-inner\"><div class=\"wpb_wrapper\"><div class=\"vc_row wpb_row vc_inner vc_row-fluid vc_custom_1762385468480\"><div class=\"wpb_column vc_column_container vc_col-sm-3\"><div class=\"vc_column-inner\"><div class=\"wpb_wrapper\"><\/div><\/div><\/div><div class=\"wpb_column vc_column_container vc_col-sm-6\"><div class=\"vc_column-inner\"><div class=\"wpb_wrapper\">\n\t<div class=\"title-subtitle-box\" style=\" text-align: center;\">\n\t\t<h1 style=\" color:#ffffff;  font-style: normal;\" class=\"special-title\" >Wineyards<\/h1>\n\t\t<div class=\"box-description\"><p style=\"text-align: center;\"><span style=\"color: #ffffff;\">I vigneti della Tenuta sono distribuiti tra Lugana di Sirmione e Peschiera del Garda, in piccoli appezzamenti che riflettono la variet\u00e0 del territorio.<\/span><\/p>\n<\/div>\n\t<\/div> <\/div><\/div><\/div><div class=\"wpb_column vc_column_container vc_col-sm-3\"><div class=\"vc_column-inner\"><div class=\"wpb_wrapper\"><\/div><\/div><\/div><\/div><div class=\"wpb_images_carousel wpb_content_element vc_clearfix wpb_content_element frontelago-slider\"><div class=\"wpb_wrapper\"><div id=\"vc_images-carousel-1-1776213511\" data-ride=\"vc_carousel\" data-wrap=\"true\" style=\"width: 1024px;\" data-interval=\"5000\" data-auto-height=\"yes\" data-mode=\"horizontal\" data-partial=\"false\" data-per-view=\"1\" data-hide-on-end=\"false\" class=\"vc_slide vc_images_carousel\"><div class=\"vc_carousel-inner\"><div class=\"vc_carousel-slideline\"><div class=\"vc_carousel-slideline-inner\"><div class=\"vc_item\"><div class=\"vc_inner\"><img loading=\"lazy\" decoding=\"async\" width=\"1024\" height=\"576\" src=\"https:\/\/www.tenutafrontelago.it\/wp-content\/uploads\/2026\/03\/VignetoBroglie-1024x576.jpg\" class=\"attachment-large\" alt=\"\" title=\"VignetoBroglie\" srcset=\"https:\/\/www.tenutafrontelago.it\/wp-content\/uploads\/2026\/03\/VignetoBroglie-1024x576.jpg 1024w, https:\/\/www.tenutafrontelago.it\/wp-content\/uploads\/2026\/03\/VignetoBroglie-300x169.jpg 300w, https:\/\/www.tenutafrontelago.it\/wp-content\/uploads\/2026\/03\/VignetoBroglie-768x432.jpg 768w, https:\/\/www.tenutafrontelago.it\/wp-content\/uploads\/2026\/03\/VignetoBroglie-1536x864.jpg 1536w, https:\/\/www.tenutafrontelago.it\/wp-content\/uploads\/2026\/03\/VignetoBroglie-18x10.jpg 18w, https:\/\/www.tenutafrontelago.it\/wp-content\/uploads\/2026\/03\/VignetoBroglie.jpg 1920w\" sizes=\"auto, (max-width: 1024px) 100vw, 1024px\" \/><\/div><\/div><div class=\"vc_item\"><div class=\"vc_inner\"><img loading=\"lazy\" decoding=\"async\" width=\"1024\" height=\"576\" src=\"https:\/\/www.tenutafrontelago.it\/wp-content\/uploads\/2026\/03\/VignetoFrassino-1024x576.jpg\" class=\"attachment-large\" alt=\"\" title=\"VignetoFrassino\" srcset=\"https:\/\/www.tenutafrontelago.it\/wp-content\/uploads\/2026\/03\/VignetoFrassino-1024x576.jpg 1024w, https:\/\/www.tenutafrontelago.it\/wp-content\/uploads\/2026\/03\/VignetoFrassino-300x169.jpg 300w, https:\/\/www.tenutafrontelago.it\/wp-content\/uploads\/2026\/03\/VignetoFrassino-768x432.jpg 768w, https:\/\/www.tenutafrontelago.it\/wp-content\/uploads\/2026\/03\/VignetoFrassino-1536x864.jpg 1536w, https:\/\/www.tenutafrontelago.it\/wp-content\/uploads\/2026\/03\/VignetoFrassino-18x10.jpg 18w, https:\/\/www.tenutafrontelago.it\/wp-content\/uploads\/2026\/03\/VignetoFrassino.jpg 1920w\" sizes=\"auto, (max-width: 1024px) 100vw, 1024px\" \/><\/div><\/div><div class=\"vc_item\"><div class=\"vc_inner\"><img loading=\"lazy\" decoding=\"async\" width=\"1024\" height=\"576\" src=\"https:\/\/www.tenutafrontelago.it\/wp-content\/uploads\/2026\/03\/VignetoLugana_dettaglio-1024x576.jpg\" class=\"attachment-large\" alt=\"\" title=\"VignetoLugana_dettaglio\" srcset=\"https:\/\/www.tenutafrontelago.it\/wp-content\/uploads\/2026\/03\/VignetoLugana_dettaglio-1024x576.jpg 1024w, https:\/\/www.tenutafrontelago.it\/wp-content\/uploads\/2026\/03\/VignetoLugana_dettaglio-300x169.jpg 300w, https:\/\/www.tenutafrontelago.it\/wp-content\/uploads\/2026\/03\/VignetoLugana_dettaglio-768x432.jpg 768w, https:\/\/www.tenutafrontelago.it\/wp-content\/uploads\/2026\/03\/VignetoLugana_dettaglio-1536x864.jpg 1536w, https:\/\/www.tenutafrontelago.it\/wp-content\/uploads\/2026\/03\/VignetoLugana_dettaglio-18x10.jpg 18w, https:\/\/www.tenutafrontelago.it\/wp-content\/uploads\/2026\/03\/VignetoLugana_dettaglio.jpg 1920w\" sizes=\"auto, (max-width: 1024px) 100vw, 1024px\" \/><\/div><\/div><div class=\"vc_item\"><div class=\"vc_inner\"><img loading=\"lazy\" decoding=\"async\" width=\"1024\" height=\"576\" src=\"https:\/\/www.tenutafrontelago.it\/wp-content\/uploads\/2026\/03\/SalaVinificazione_tenutaFronteLago-1024x576.jpg\" class=\"attachment-large\" alt=\"\" title=\"SalaVinificazione_tenutaFronteLago\" srcset=\"https:\/\/www.tenutafrontelago.it\/wp-content\/uploads\/2026\/03\/SalaVinificazione_tenutaFronteLago-1024x576.jpg 1024w, https:\/\/www.tenutafrontelago.it\/wp-content\/uploads\/2026\/03\/SalaVinificazione_tenutaFronteLago-300x169.jpg 300w, https:\/\/www.tenutafrontelago.it\/wp-content\/uploads\/2026\/03\/SalaVinificazione_tenutaFronteLago-768x432.jpg 768w, https:\/\/www.tenutafrontelago.it\/wp-content\/uploads\/2026\/03\/SalaVinificazione_tenutaFronteLago-1536x864.jpg 1536w, https:\/\/www.tenutafrontelago.it\/wp-content\/uploads\/2026\/03\/SalaVinificazione_tenutaFronteLago-18x10.jpg 18w, https:\/\/www.tenutafrontelago.it\/wp-content\/uploads\/2026\/03\/SalaVinificazione_tenutaFronteLago.jpg 1920w\" sizes=\"auto, (max-width: 1024px) 100vw, 1024px\" \/><\/div><\/div><div class=\"vc_item\"><div class=\"vc_inner\"><img loading=\"lazy\" decoding=\"async\" width=\"1024\" height=\"576\" src=\"https:\/\/www.tenutafrontelago.it\/wp-content\/uploads\/2026\/03\/VignetoLugana-1024x576.jpg\" class=\"attachment-large\" alt=\"\" title=\"VignetoLugana\" srcset=\"https:\/\/www.tenutafrontelago.it\/wp-content\/uploads\/2026\/03\/VignetoLugana-1024x576.jpg 1024w, https:\/\/www.tenutafrontelago.it\/wp-content\/uploads\/2026\/03\/VignetoLugana-300x169.jpg 300w, https:\/\/www.tenutafrontelago.it\/wp-content\/uploads\/2026\/03\/VignetoLugana-768x432.jpg 768w, https:\/\/www.tenutafrontelago.it\/wp-content\/uploads\/2026\/03\/VignetoLugana-1536x864.jpg 1536w, https:\/\/www.tenutafrontelago.it\/wp-content\/uploads\/2026\/03\/VignetoLugana-18x10.jpg 18w, https:\/\/www.tenutafrontelago.it\/wp-content\/uploads\/2026\/03\/VignetoLugana.jpg 1920w\" sizes=\"auto, (max-width: 1024px) 100vw, 1024px\" \/><\/div><\/div><div class=\"vc_item\"><div class=\"vc_inner\"><img loading=\"lazy\" decoding=\"async\" width=\"1024\" height=\"576\" src=\"https:\/\/www.tenutafrontelago.it\/wp-content\/uploads\/2026\/03\/Vigneto-di-Lugana-1024x576.jpg\" class=\"attachment-large\" alt=\"\" title=\"Vigneto di Lugana\" srcset=\"https:\/\/www.tenutafrontelago.it\/wp-content\/uploads\/2026\/03\/Vigneto-di-Lugana-1024x576.jpg 1024w, https:\/\/www.tenutafrontelago.it\/wp-content\/uploads\/2026\/03\/Vigneto-di-Lugana-300x169.jpg 300w, https:\/\/www.tenutafrontelago.it\/wp-content\/uploads\/2026\/03\/Vigneto-di-Lugana-768x432.jpg 768w, https:\/\/www.tenutafrontelago.it\/wp-content\/uploads\/2026\/03\/Vigneto-di-Lugana-1536x864.jpg 1536w, https:\/\/www.tenutafrontelago.it\/wp-content\/uploads\/2026\/03\/Vigneto-di-Lugana-18x10.jpg 18w, https:\/\/www.tenutafrontelago.it\/wp-content\/uploads\/2026\/03\/Vigneto-di-Lugana.jpg 1920w\" sizes=\"auto, (max-width: 1024px) 100vw, 1024px\" \/><\/div><\/div><\/div><\/div><\/div><a class=\"vc_left vc_carousel-control\" href=\"#vc_images-carousel-1-1776213511\" data-slide=\"prev\"><span class=\"icon-prev\"><\/span><\/a><a class=\"vc_right vc_carousel-control\" href=\"#vc_images-carousel-1-1776213511\" data-slide=\"next\"><span class=\"icon-next\"><\/span><\/a><\/div><\/div><\/div><\/div><\/div><\/div><\/div><div class=\"vc_row-full-width vc_clearfix\"><\/div>\n<\/div>","protected":false},"excerpt":{"rendered":"famiglia dal ceroColtiviamo la nostra terra dal cuore di Lugana Da oltre trent\u2019anni la famiglia Dal Cero coltiva la propria terra a Lugana, nella campagna di Sirmione.Un legame profondo con il territorio che nel 2022 ha trovato nuova forma con la nascita di Tenuta Frontelago: un progetto di famiglia che unisce esperienza agricola e visione<p class=\"more-link-wrapper\"><a class=\"btn btn-primary\" href=\"https:\/\/www.tenutafrontelago.it\/en\/chi-siamo\/\">Read More<\/a><\/p>","protected":false},"author":1,"featured_media":3996,"parent":0,"menu_order":0,"comment_status":"closed","ping_status":"closed","template":"","meta":{"_acf_changed":false,"footnotes":""},"class_list":["post-122","page","type-page","status-publish","has-post-thumbnail","hentry","has_thumb"],"acf":[],"_links":{"self":[{"href":"https:\/\/www.tenutafrontelago.it\/en\/wp-json\/wp\/v2\/pages\/122","targetHints":{"allow":["GET"]}}],"collection":[{"href":"https:\/\/www.tenutafrontelago.it\/en\/wp-json\/wp\/v2\/pages"}],"about":[{"href":"https:\/\/www.tenutafrontelago.it\/en\/wp-json\/wp\/v2\/types\/page"}],"author":[{"embeddable":true,"href":"https:\/\/www.tenutafrontelago.it\/en\/wp-json\/wp\/v2\/users\/1"}],"replies":[{"embeddable":true,"href":"https:\/\/www.tenutafrontelago.it\/en\/wp-json\/wp\/v2\/comments?post=122"}],"version-history":[{"count":50,"href":"https:\/\/www.tenutafrontelago.it\/en\/wp-json\/wp\/v2\/pages\/122\/revisions"}],"predecessor-version":[{"id":4321,"href":"https:\/\/www.tenutafrontelago.it\/en\/wp-json\/wp\/v2\/pages\/122\/revisions\/4321"}],"wp:featuredmedia":[{"embeddable":true,"href":"https:\/\/www.tenutafrontelago.it\/en\/wp-json\/wp\/v2\/media\/3996"}],"wp:attachment":[{"href":"https:\/\/www.tenutafrontelago.it\/en\/wp-json\/wp\/v2\/media?parent=122"}],"curies":[{"name":"wp","href":"https:\/\/api.w.org\/{rel}","templated":true}]}}